{"id":40,"date":"2015-07-16T20:36:29","date_gmt":"2015-07-16T18:36:29","guid":{"rendered":"http:\/\/td_uid_2_55a7f9adc2ea4"},"modified":"2024-09-23T20:08:42","modified_gmt":"2024-09-23T18:08:42","slug":"startseite-2","status":"publish","type":"page","link":"https:\/\/los-family.de\/fachleute\/","title":{"rendered":"Startseite"},"content":{"rendered":"<div id=\"tdi_1\" class=\"tdc-row\"><div class=\"vc_row vc_custom_1528449532183 tdi_2  wpb_row td-pb-row\" >\n<style scoped>\n\n\/* tdc_composer_block - inline css att *\/\n.vc_custom_1528449532183{margin-right: 0px !important;margin-left: 0px !important;}\n\/* custom css *\/\n.tdi_2,\r\n                .tdi_2 .tdc-columns{\r\n                    min-height: 0;\r\n                }\n<\/style><div class=\"vc_column tdi_4  wpb_column vc_column_container tdc-column td-pb-span12\">\n<style scoped>\n\n\/* custom css *\/\n.tdi_4{\r\n                    vertical-align: baseline;\r\n                }\n<\/style><div class=\"wpb_wrapper\" >[vc_custom_heading text=&#8220;Anstehende Veranstaltungen&#8220; use_theme_fonts=&#8220;yes&#8220; css_animation=&#8220;none&#8220; css=&#8220;.vc_custom_1695235246475{margin-bottom: 0px !important;padding-top: 0px !important;padding-bottom: 0px !important;}&#8220; el_class=&#8220;headline-frontpage&#8220;]<div class=\"wpb_wrapper td_block_separator td_block_wrap vc_separator tdi_6  td_separator_dashed td_separator_align_left\"><span style=\"border-color:#EBEBEB;border-width:1px;width:100%;\"><\/span>\n<style scoped>\n\n\/* custom css *\/\n.td_block_separator{\r\n                  width: 100%;\r\n                  align-items: center;\r\n                  margin-bottom: 38px;\r\n                  padding-bottom: 10px;\r\n                }.td_block_separator span{\r\n                  position: relative;\r\n                  display: block;\r\n                  margin: 0 auto;\r\n                  width: 100%;\r\n                  height: 1px;\r\n                  border-top: 1px solid #EBEBEB;\r\n                }.td_separator_align_left span{\r\n                  margin-left: 0;\r\n                }.td_separator_align_right span{\r\n                  margin-right: 0;\r\n                }.td_separator_dashed span{\r\n                  border-top-style: dashed;\r\n                }.td_separator_dotted span{\r\n                  border-top-style: dotted;\r\n                }.td_separator_double span{\r\n                  height: 3px;\r\n                  border-bottom: 1px solid #EBEBEB;\r\n                }.td_separator_shadow > span{\r\n                  position: relative;\r\n                  height: 20px;\r\n                  overflow: hidden;\r\n                  border: 0;\r\n                  color: #EBEBEB;\r\n                }.td_separator_shadow > span > span{\r\n                  position: absolute;\r\n                  top: -30px;\r\n                  left: 0;\r\n                  right: 0;\r\n                  margin: 0 auto;\r\n                  height: 13px;\r\n                  width: 98%;\r\n                  border-radius: 100%;\r\n                }html :where([style*='border-width']){\r\n                    border-style: none;\r\n                }\n<\/style><\/div>[vc_column_text css_animation=&#8220;none&#8220; css=&#8220;.vc_custom_1727114932457{margin-top: -45px !important;border-top-width: 0px !important;}&#8220;]\n\n\t<ul  class=\"date-list\" > \n\n\t\t\n\t\t\t\n<li class=\"availability-green\" style=\"margin-bottom:8px;\" itemscope itemtype=\"http:\/\/schema.org\/EducationEvent\">  <a href=\"https:\/\/los-family.de\/fachleute\/events\/event\/fachgespraech-es-braucht-ein-ganzes-dorf-gemeinsam-staerken-helfen-und-begleiten-in-den-fruehen-hilfen\/\" title=\"Fachgespr\u00e4ch: &#8222;Es braucht ein ganzes Dorf&#8230;&#8220; &#8211; gemeinsam st\u00e4rken, helfen und begleiten in den Fr\u00fchen Hilfen\">\n    <div class=\"datetime\">\n      <strong>03.06.2026<\/strong>    <\/div>\n    <div class=\"info\" style=\"font-style:italic;\">\n      <strong style=\" font-style:normal;font-weight:600;font-size:15px;\">\n       Fachgespr\u00e4ch: &#8222;Es braucht ein ganzes Dorf&#8230;&#8220; &#8211; gemeinsam st\u00e4rken, helfen und begleiten in den Fr\u00fchen Hilfen<\/strong>\n\t\tOrt: Filmtheater Union F\u00fcrstenwalde eG in F\u00fcrstenwalde <\/div>\n    <div class=\"registration\">\n    \n    \n                  <span class=\"frei\">Jetzt anmelden!<\/span>          <\/div>\n  <\/a>\n<\/li>\n\t\t\t\n           \n\t\t\n\t\t\t\n<li class=\"availability-green\" style=\"margin-bottom:8px;\" itemscope itemtype=\"http:\/\/schema.org\/EducationEvent\">  <a href=\"https:\/\/los-family.de\/fachleute\/events\/event\/fachgespraech-es-braucht-ein-ganzes-dorf-gemeinsam-staerken-helfen-und-begleiten-in-den-fruehen-hilfen-2\/\" title=\"Fachgespr\u00e4ch: &#8222;Es braucht ein ganzes Dorf&#8230;&#8220; &#8211; gemeinsam st\u00e4rken, helfen und begleiten in den Fr\u00fchen Hilfen\">\n    <div class=\"datetime\">\n      <strong>10.06.2026<\/strong>    <\/div>\n    <div class=\"info\" style=\"font-style:italic;\">\n      <strong style=\" font-style:normal;font-weight:600;font-size:15px;\">\n       Fachgespr\u00e4ch: &#8222;Es braucht ein ganzes Dorf&#8230;&#8220; &#8211; gemeinsam st\u00e4rken, helfen und begleiten in den Fr\u00fchen Hilfen<\/strong>\n\t\tOrt: Schukurama Beeskow in Beeskow <\/div>\n    <div class=\"registration\">\n    \n    \n                  <span class=\"frei\">Jetzt anmelden!<\/span>          <\/div>\n  <\/a>\n<\/li>\n\t\t\t\n           \n\t\t\n\t<\/ul>\n\n<ul class=\"legende\" style=\"list-style-type:none;\">\n  <li><strong>Legende:<\/strong><\/li>\n  <li class=\"availability-green\">Ausreichend freie Pl\u00e4tze.<\/li>\n  <li class=\"availability-yellow\">Wenige freie Pl\u00e4tze!<\/li>\n  <li class=\"availability-red\">Leider ausgebucht.<\/li>\n<\/ul> \n[\/vc_column_text]<\/div><\/div><\/div><\/div><div id=\"tdi_7\" class=\"tdc-row\"><div class=\"vc_row tdi_8  wpb_row td-pb-row\" >\n<style scoped>\n\n\/* custom css *\/\n.tdi_8,\r\n                .tdi_8 .tdc-columns{\r\n                    min-height: 0;\r\n                }\n<\/style><div class=\"vc_column tdi_10  wpb_column vc_column_container tdc-column td-pb-span12\">\n<style scoped>\n\n\/* custom css *\/\n.tdi_10{\r\n                    vertical-align: baseline;\r\n                }\n<\/style><div class=\"wpb_wrapper\" ><div class=\"wpb_wrapper td_block_empty_space td_block_wrap vc_empty_space tdi_12 \"  style=\"height: 25px\"><\/div><\/div><\/div><\/div><\/div><div id=\"tdi_13\" class=\"tdc-row\"><div class=\"vc_row tdi_14 td-ss-row wpb_row td-pb-row\" >\n<style scoped>\n\n\/* custom css *\/\n.tdi_14,\r\n                .tdi_14 .tdc-columns{\r\n                    min-height: 0;\r\n                }\n<\/style><div class=\"vc_column tdi_16  wpb_column vc_column_container tdc-column td-pb-span12\">\n<style scoped>\n\n\/* custom css *\/\n.tdi_16{\r\n                    vertical-align: baseline;\r\n                }\n<\/style><div class=\"wpb_wrapper\" ><div class=\"td_block_wrap td_block_12 tdi_17 td-pb-border-top td_block_template_1\"  data-td-block-uid=\"tdi_17\" >\n<style>\n.tdi_17 .td_module_wrap:hover .entry-title a,\r\n            .tdi_17 .td-load-more-wrap a:hover,\r\n        \t.tdi_17 .td_quote_on_blocks,\r\n        \t.tdi_17 .td-wrapper-pulldown-filter .td-pulldown-filter-display-option:hover,\r\n        \t.tdi_17 .td-wrapper-pulldown-filter a.td-pulldown-filter-link:hover,\r\n        \t.tdi_17 .td-instagram-user a {\r\n                color: #ffc20f;\r\n            }\r\n\r\n            .tdi_17 .td-next-prev-wrap a:hover i {\r\n                background-color: #ffc20f;\r\n                border-color: #ffc20f;\r\n            }\r\n\r\n            .tdi_17 .td_module_wrap .td-post-category:hover,\r\n\t\t\t.tdi_17 .td-trending-now-title,\r\n            .tdi_17 .block-title span,\r\n            .tdi_17 .td-weather-information:before,\r\n            .tdi_17 .td-weather-week:before,\r\n            .tdi_17 .td-exchange-header:before,\r\n            .tdi_17 .block-title a {\r\n                background-color: #ffc20f;\r\n            }\n<\/style>\n<style>\n\/* custom css *\/\n.tdi_17 .td-post-vid-time{\r\n\t\t\t\t\tdisplay: block;\r\n\t\t\t\t}\n<\/style><script>var block_tdi_17 = new tdBlock();\nblock_tdi_17.id = \"tdi_17\";\nblock_tdi_17.atts = '{\"custom_title\":\"NEWSSTREAM\",\"limit\":\"3\",\"td_filter_default_txt\":\"Alle\",\"header_color\":\"#ffc20f\",\"block_type\":\"td_block_12\",\"separator\":\"\",\"custom_url\":\"\",\"title_tag\":\"\",\"block_template_id\":\"\",\"border_top\":\"\",\"color_preset\":\"\",\"m11_tl\":\"\",\"m11_title_tag\":\"\",\"m11_el\":\"\",\"post_ids\":\"\",\"category_id\":\"\",\"category_ids\":\"\",\"tag_slug\":\"\",\"autors_id\":\"\",\"installed_post_types\":\"\",\"sort\":\"\",\"offset\":\"\",\"open_in_new_window\":\"\",\"show_modified_date\":\"\",\"video_popup\":\"\",\"video_rec\":\"\",\"video_rec_title\":\"\",\"show_vid_t\":\"block\",\"el_class\":\"\",\"td_ajax_filter_type\":\"\",\"td_ajax_filter_ids\":\"\",\"td_ajax_preloading\":\"\",\"f_header_font_header\":\"\",\"f_header_font_title\":\"Block header\",\"f_header_font_settings\":\"\",\"f_header_font_family\":\"\",\"f_header_font_size\":\"\",\"f_header_font_line_height\":\"\",\"f_header_font_style\":\"\",\"f_header_font_weight\":\"\",\"f_header_font_transform\":\"\",\"f_header_font_spacing\":\"\",\"f_header_\":\"\",\"f_ajax_font_title\":\"Ajax categories\",\"f_ajax_font_settings\":\"\",\"f_ajax_font_family\":\"\",\"f_ajax_font_size\":\"\",\"f_ajax_font_line_height\":\"\",\"f_ajax_font_style\":\"\",\"f_ajax_font_weight\":\"\",\"f_ajax_font_transform\":\"\",\"f_ajax_font_spacing\":\"\",\"f_ajax_\":\"\",\"f_more_font_title\":\"Load more button\",\"f_more_font_settings\":\"\",\"f_more_font_family\":\"\",\"f_more_font_size\":\"\",\"f_more_font_line_height\":\"\",\"f_more_font_style\":\"\",\"f_more_font_weight\":\"\",\"f_more_font_transform\":\"\",\"f_more_font_spacing\":\"\",\"f_more_\":\"\",\"m11f_title_font_header\":\"\",\"m11f_title_font_title\":\"Article title\",\"m11f_title_font_settings\":\"\",\"m11f_title_font_family\":\"\",\"m11f_title_font_size\":\"\",\"m11f_title_font_line_height\":\"\",\"m11f_title_font_style\":\"\",\"m11f_title_font_weight\":\"\",\"m11f_title_font_transform\":\"\",\"m11f_title_font_spacing\":\"\",\"m11f_title_\":\"\",\"m11f_cat_font_title\":\"Article category tag\",\"m11f_cat_font_settings\":\"\",\"m11f_cat_font_family\":\"\",\"m11f_cat_font_size\":\"\",\"m11f_cat_font_line_height\":\"\",\"m11f_cat_font_style\":\"\",\"m11f_cat_font_weight\":\"\",\"m11f_cat_font_transform\":\"\",\"m11f_cat_font_spacing\":\"\",\"m11f_cat_\":\"\",\"m11f_meta_font_title\":\"Article meta info\",\"m11f_meta_font_settings\":\"\",\"m11f_meta_font_family\":\"\",\"m11f_meta_font_size\":\"\",\"m11f_meta_font_line_height\":\"\",\"m11f_meta_font_style\":\"\",\"m11f_meta_font_weight\":\"\",\"m11f_meta_font_transform\":\"\",\"m11f_meta_font_spacing\":\"\",\"m11f_meta_\":\"\",\"m11f_ex_font_title\":\"Article excerpt\",\"m11f_ex_font_settings\":\"\",\"m11f_ex_font_family\":\"\",\"m11f_ex_font_size\":\"\",\"m11f_ex_font_line_height\":\"\",\"m11f_ex_font_style\":\"\",\"m11f_ex_font_weight\":\"\",\"m11f_ex_font_transform\":\"\",\"m11f_ex_font_spacing\":\"\",\"m11f_ex_\":\"\",\"m11f_btn_font_title\":\"Article read more button\",\"m11f_btn_font_settings\":\"\",\"m11f_btn_font_family\":\"\",\"m11f_btn_font_size\":\"\",\"m11f_btn_font_line_height\":\"\",\"m11f_btn_font_style\":\"\",\"m11f_btn_font_weight\":\"\",\"m11f_btn_font_transform\":\"\",\"m11f_btn_font_spacing\":\"\",\"m11f_btn_\":\"\",\"ajax_pagination\":\"\",\"ajax_pagination_infinite_stop\":\"\",\"css\":\"\",\"tdc_css\":\"\",\"td_column_number\":3,\"ajax_pagination_next_prev_swipe\":\"\",\"class\":\"tdi_17\",\"tdc_css_class\":\"tdi_17\",\"tdc_css_class_style\":\"tdi_17_rand_style\"}';\nblock_tdi_17.td_column_number = \"3\";\nblock_tdi_17.block_type = \"td_block_12\";\nblock_tdi_17.post_count = \"3\";\nblock_tdi_17.found_posts = \"18\";\nblock_tdi_17.header_color = \"#ffc20f\";\nblock_tdi_17.ajax_pagination_infinite_stop = \"\";\nblock_tdi_17.max_num_pages = \"6\";\ntdBlocksArray.push(block_tdi_17);\n<\/script><h4 class=\"block-title\"><span class=\"td-pulldown-size\">NEWSSTREAM<\/span><\/h4><div id=tdi_17 class=\"td_block_inner td-column-3\">\n\n\t<div class=\"td-block-span12\">\n\r\n        <div class=\"td_module_11 td_module_wrap td-animation-stack td-cpt-post\">\r\n            <div class=\"td-module-thumb\"><a href=\"https:\/\/los-family.de\/fachleute\/2025\/04\/03\/fachtag-beduerfnisorientierte-familienbegleitung-in-den-fruehen-hilfen-am-27-02-2025\/\"  rel=\"bookmark\" class=\"td-image-wrap \" title=\"Fachtag &#8222;Bed\u00fcrfnisorientierte Familienbegleitung in den Fr\u00fchen Hilfen&#8220; am 27.02.2025\" ><img loading=\"lazy\" decoding=\"async\" class=\"entry-thumb\" src=\"\" alt=\"\" title=\"Fachtag &#8222;Bed\u00fcrfnisorientierte Familienbegleitung in den Fr\u00fchen Hilfen&#8220; am 27.02.2025\" data-type=\"image_tag\" data-img-url=\"https:\/\/los-family.de\/fachleute\/wp-content\/uploads\/2025\/04\/20250227_091544-238x178.jpg\"  width=\"238\" height=\"178\" \/><\/a><\/div>            \r\n            <div class=\"item-details\">\r\n\r\n                <h3 class=\"entry-title td-module-title\"><a href=\"https:\/\/los-family.de\/fachleute\/2025\/04\/03\/fachtag-beduerfnisorientierte-familienbegleitung-in-den-fruehen-hilfen-am-27-02-2025\/\"  rel=\"bookmark\" title=\"Fachtag &#8222;Bed\u00fcrfnisorientierte Familienbegleitung in den Fr\u00fchen Hilfen&#8220; am 27.02.2025\">Fachtag &#8222;Bed\u00fcrfnisorientierte Familienbegleitung in den Fr\u00fchen Hilfen&#8220; am 27.02.2025<\/a><\/h3>                <div class=\"meta-info\">\r\n                                                            <span class=\"td-post-author-name\"><a href=\"https:\/\/los-family.de\/fachleute\/author\/kleinertj\/\">Jeanett Kleinert<\/a> <span>-<\/span> <\/span>                    <span class=\"td-post-date\"><time class=\"entry-date updated td-module-date\" datetime=\"2025-04-03T13:55:25+02:00\" >03. April 2025<\/time><\/span>                    <span class=\"td-module-comments\"><a href=\"https:\/\/los-family.de\/fachleute\/2025\/04\/03\/fachtag-beduerfnisorientierte-familienbegleitung-in-den-fruehen-hilfen-am-27-02-2025\/#respond\">0<\/a><\/span>                <\/div>\r\n\r\n                <div class=\"td-excerpt\">\r\n                    Am 27.02.2025 trafen sich Fachkr\u00e4fte der Fr\u00fchen Hilfen aus dem Landkreis Oder-Spree und angrenzender Landkreise sowie Frankfurt (Oder), um sich einem Thema zu widmen,...                <\/div>\r\n\r\n                <div class=\"td-read-more\">\r\n                    <a href=\"https:\/\/los-family.de\/fachleute\/2025\/04\/03\/fachtag-beduerfnisorientierte-familienbegleitung-in-den-fruehen-hilfen-am-27-02-2025\/\" >Weiterlesen<\/a>\r\n                <\/div>\r\n            <\/div>\r\n\r\n        <\/div>\r\n\r\n        \n\t<\/div> <!-- .\/td-block-span12 -->\n\n\t<div class=\"td-block-span12\">\n\r\n        <div class=\"td_module_11 td_module_wrap td-animation-stack td-cpt-post\">\r\n            <div class=\"td-module-thumb\"><a href=\"https:\/\/los-family.de\/fachleute\/2024\/08\/23\/aktionswoche-fasd\/\"  rel=\"bookmark\" class=\"td-image-wrap \" title=\"Aktionswoche FASD\" ><img loading=\"lazy\" decoding=\"async\" class=\"entry-thumb\" src=\"\" alt=\"\" title=\"Aktionswoche FASD\" data-type=\"image_tag\" data-img-url=\"https:\/\/los-family.de\/fachleute\/wp-content\/uploads\/2024\/08\/FASD-Deutschland-238x178.png\"  width=\"238\" height=\"178\" \/><\/a><\/div>            \r\n            <div class=\"item-details\">\r\n\r\n                <h3 class=\"entry-title td-module-title\"><a href=\"https:\/\/los-family.de\/fachleute\/2024\/08\/23\/aktionswoche-fasd\/\"  rel=\"bookmark\" title=\"Aktionswoche FASD\">Aktionswoche FASD<\/a><\/h3>                <div class=\"meta-info\">\r\n                                                            <span class=\"td-post-author-name\"><a href=\"https:\/\/los-family.de\/fachleute\/author\/kleinertj\/\">Jeanett Kleinert<\/a> <span>-<\/span> <\/span>                    <span class=\"td-post-date\"><time class=\"entry-date updated td-module-date\" datetime=\"2024-08-23T11:50:40+02:00\" >23. August 2024<\/time><\/span>                    <span class=\"td-module-comments\"><a href=\"https:\/\/los-family.de\/fachleute\/2024\/08\/23\/aktionswoche-fasd\/#respond\">0<\/a><\/span>                <\/div>\r\n\r\n                <div class=\"td-excerpt\">\r\n                    Vom 09.09. bis 16.09.2024 findet eine vom FASD Deutschland e.V. initiierte Aktionswoche statt, die viele Veranstaltungen in Pr\u00e4senz aber auch online anbietet.\r\n\r\nFASD: Fetal Alcohol...                <\/div>\r\n\r\n                <div class=\"td-read-more\">\r\n                    <a href=\"https:\/\/los-family.de\/fachleute\/2024\/08\/23\/aktionswoche-fasd\/\" >Weiterlesen<\/a>\r\n                <\/div>\r\n            <\/div>\r\n\r\n        <\/div>\r\n\r\n        \n\t<\/div> <!-- .\/td-block-span12 -->\n\n\t<div class=\"td-block-span12\">\n\r\n        <div class=\"td_module_11 td_module_wrap td-animation-stack td-cpt-post\">\r\n            <div class=\"td-module-thumb\"><a href=\"https:\/\/los-family.de\/fachleute\/2024\/07\/01\/eltern-kind-und-familienzentren-im-landkreis\/\"  rel=\"bookmark\" class=\"td-image-wrap \" title=\"Eltern-Kind-und Familienzentren im Landkreis\" ><img loading=\"lazy\" decoding=\"async\" class=\"entry-thumb\" src=\"\" alt=\"\" title=\"Eltern-Kind-und Familienzentren im Landkreis\" data-type=\"image_tag\" data-img-url=\"https:\/\/los-family.de\/fachleute\/wp-content\/uploads\/2024\/07\/Familienzentren-238x178.png\"  width=\"238\" height=\"178\" \/><\/a><\/div>            \r\n            <div class=\"item-details\">\r\n\r\n                <h3 class=\"entry-title td-module-title\"><a href=\"https:\/\/los-family.de\/fachleute\/2024\/07\/01\/eltern-kind-und-familienzentren-im-landkreis\/\"  rel=\"bookmark\" title=\"Eltern-Kind-und Familienzentren im Landkreis\">Eltern-Kind-und Familienzentren im Landkreis<\/a><\/h3>                <div class=\"meta-info\">\r\n                                                            <span class=\"td-post-author-name\"><a href=\"https:\/\/los-family.de\/fachleute\/author\/kleinertj\/\">Jeanett Kleinert<\/a> <span>-<\/span> <\/span>                    <span class=\"td-post-date\"><time class=\"entry-date updated td-module-date\" datetime=\"2024-07-01T14:02:49+02:00\" >01. Juli 2024<\/time><\/span>                    <span class=\"td-module-comments\"><a href=\"https:\/\/los-family.de\/fachleute\/2024\/07\/01\/eltern-kind-und-familienzentren-im-landkreis\/#respond\">0<\/a><\/span>                <\/div>\r\n\r\n                <div class=\"td-excerpt\">\r\n                    Eltern-Kind-Zentren im Landkreis Oder-Spree spielen eine entscheidende Rolle als Anlaufstelle f\u00fcr Familien, die nach Unterst\u00fctzung und Gemeinschaft suchen. Diese Zentren bieten einen Raum f\u00fcr...                <\/div>\r\n\r\n                <div class=\"td-read-more\">\r\n                    <a href=\"https:\/\/los-family.de\/fachleute\/2024\/07\/01\/eltern-kind-und-familienzentren-im-landkreis\/\" >Weiterlesen<\/a>\r\n                <\/div>\r\n            <\/div>\r\n\r\n        <\/div>\r\n\r\n        \n\t<\/div> <!-- .\/td-block-span12 --><\/div><\/div> <!-- .\/block -->[vc_btn title=&#8220;Weitere Neuigkeiten ansehen&#8220; style=&#8220;flat&#8220; color=&#8220;default&#8220; align=&#8220;center&#8220; link=&#8220;url:https%3A%2F%2Flos-family.de%2Ffachleute%2Fneuigkeiten-aus-dem-los-family-fachleuteportal%2F|title:Neuigkeiten%20aus%20dem%20LOS-Family%20Fachleuteportal|target:%20_blank|&#8220; css=&#8220;.vc_custom_1657525560575{margin-top: 30px !important;margin-bottom: 30px !important;}&#8220;][vc_btn title=&#8220;Konzepte und Informationen ansehen&#8220; style=&#8220;flat&#8220; color=&#8220;default&#8220; align=&#8220;center&#8220; i_icon_fontawesome=&#8220;&#8220; add_icon=&#8220;true&#8220; link=&#8220;url:https%3A%2F%2Flos-family.de%2Ffachleute%2Fkonzepte-und-informationen%2F|title:Konzepte%20und%20Informationen|target:_blank&#8220; css=&#8220;.vc_custom_1725958900182{margin-top: 30px !important;margin-bottom: 50px !important;}&#8220;]<\/div><\/div><\/div><\/div>","protected":false},"excerpt":{"rendered":"Liebe Fachkr\u00e4fte und Interessierte, mit unserem Fachgespr\u00e4ch wollen wir ein besonderes Format nutzen, um \u00fcber Unterst\u00fctzungsm\u00f6glichkeiten im LOS f\u00fcr junge Eltern ins Gespr\u00e4ch zu kommen. Anhand des Dokumentarfilmes \"Achtundzwanzig -der Weg entsteht im Gehen\", der vier junge Frauen von ihrem 14. bis zum 28. Lebensjahr (Dokumentarfilmreihe: \"Vierzehn\", \"Achtzehn\" gingen voraus) in ihrer Elternschaft begleitet, wollen&hellip; <a class=\"continue\" href=\"https:\/\/los-family.de\/fachleute\/events\/event\/fachgespraech-es-braucht-ein-ganzes-dorf-gemeinsam-staerken-helfen-und-begleiten-in-den-fruehen-hilfen-2\/\">Continue Reading<span> Fachgespr\u00e4ch: &#8222;Es braucht ein ganzes Dorf&#8230;&#8220; &#8211; gemeinsam st\u00e4rken, helfen und begleiten in den Fr\u00fchen Hilfen<\/span><\/a>","protected":false},"author":7,"featured_media":0,"parent":0,"menu_order":0,"comment_status":"open","ping_status":"open","template":"","meta":{"footnotes":""},"class_list":["post-40","page","type-page","status-publish","hentry"],"yoast_head":"<!-- This site is optimized with the Yoast SEO plugin v27.4 - https:\/\/yoast.com\/product\/yoast-seo-wordpress\/ -->\n<title>Startseite &#8226; LOS-Family FACHLEUTE<\/title>\n<meta name=\"robots\" content=\"index, follow, max-snippet:-1, max-image-preview:large, max-video-preview:-1\" \/>\n<link rel=\"canonical\" href=\"https:\/\/los-family.de\/fachleute\/\" \/>\n<meta property=\"og:locale\" content=\"de_DE\" \/>\n<meta property=\"og:type\" content=\"article\" \/>\n<meta property=\"og:title\" content=\"Startseite &#8226; LOS-Family FACHLEUTE\" \/>\n<meta property=\"og:url\" content=\"https:\/\/los-family.de\/fachleute\/\" \/>\n<meta property=\"og:site_name\" content=\"LOS-Family FACHLEUTE\" \/>\n<meta property=\"article:modified_time\" content=\"2024-09-23T18:08:42+00:00\" \/>\n<meta name=\"twitter:card\" content=\"summary_large_image\" \/>\n<meta name=\"twitter:label1\" content=\"Gesch\u00e4tzte Lesezeit\" \/>\n\t<meta name=\"twitter:data1\" content=\"1\u00a0Minute\" \/>\n<script type=\"application\/ld+json\" class=\"yoast-schema-graph\">{\"@context\":\"https:\\\/\\\/schema.org\",\"@graph\":[{\"@type\":\"WebPage\",\"@id\":\"https:\\\/\\\/los-family.de\\\/fachleute\\\/\",\"url\":\"https:\\\/\\\/los-family.de\\\/fachleute\\\/\",\"name\":\"Startseite &#8226; LOS-Family FACHLEUTE\",\"isPartOf\":{\"@id\":\"https:\\\/\\\/los-family.de\\\/fachleute\\\/#website\"},\"datePublished\":\"2015-07-16T18:36:29+00:00\",\"dateModified\":\"2024-09-23T18:08:42+00:00\",\"breadcrumb\":{\"@id\":\"https:\\\/\\\/los-family.de\\\/fachleute\\\/#breadcrumb\"},\"inLanguage\":\"de\",\"potentialAction\":[{\"@type\":\"ReadAction\",\"target\":[\"https:\\\/\\\/los-family.de\\\/fachleute\\\/\"]}]},{\"@type\":\"BreadcrumbList\",\"@id\":\"https:\\\/\\\/los-family.de\\\/fachleute\\\/#breadcrumb\",\"itemListElement\":[{\"@type\":\"ListItem\",\"position\":1,\"name\":\"Startseite\",\"item\":\"https:\\\/\\\/los-family.de\\\/fachleute\\\/\"},{\"@type\":\"ListItem\",\"position\":2,\"name\":\"Startseite\"}]},{\"@type\":\"WebSite\",\"@id\":\"https:\\\/\\\/los-family.de\\\/fachleute\\\/#website\",\"url\":\"https:\\\/\\\/los-family.de\\\/fachleute\\\/\",\"name\":\"LOS-Family FACHLEUTE\",\"description\":\"Das Netzwerk f\u00fcr &quot;Fr\u00fche Hilfen&quot; im LOS\",\"potentialAction\":[{\"@type\":\"SearchAction\",\"target\":{\"@type\":\"EntryPoint\",\"urlTemplate\":\"https:\\\/\\\/los-family.de\\\/fachleute\\\/?s={search_term_string}\"},\"query-input\":{\"@type\":\"PropertyValueSpecification\",\"valueRequired\":true,\"valueName\":\"search_term_string\"}}],\"inLanguage\":\"de\"}]}<\/script>\n<!-- \/ Yoast SEO plugin. -->","yoast_head_json":{"title":"Startseite &#8226; LOS-Family FACHLEUTE","robots":{"index":"index","follow":"follow","max-snippet":"max-snippet:-1","max-image-preview":"max-image-preview:large","max-video-preview":"max-video-preview:-1"},"canonical":"https:\/\/los-family.de\/fachleute\/","og_locale":"de_DE","og_type":"article","og_title":"Startseite &#8226; LOS-Family FACHLEUTE","og_url":"https:\/\/los-family.de\/fachleute\/","og_site_name":"LOS-Family FACHLEUTE","article_modified_time":"2024-09-23T18:08:42+00:00","twitter_card":"summary_large_image","twitter_misc":{"Gesch\u00e4tzte Lesezeit":"1\u00a0Minute"},"schema":{"@context":"https:\/\/schema.org","@graph":[{"@type":"WebPage","@id":"https:\/\/los-family.de\/fachleute\/","url":"https:\/\/los-family.de\/fachleute\/","name":"Startseite &#8226; LOS-Family FACHLEUTE","isPartOf":{"@id":"https:\/\/los-family.de\/fachleute\/#website"},"datePublished":"2015-07-16T18:36:29+00:00","dateModified":"2024-09-23T18:08:42+00:00","breadcrumb":{"@id":"https:\/\/los-family.de\/fachleute\/#breadcrumb"},"inLanguage":"de","potentialAction":[{"@type":"ReadAction","target":["https:\/\/los-family.de\/fachleute\/"]}]},{"@type":"BreadcrumbList","@id":"https:\/\/los-family.de\/fachleute\/#breadcrumb","itemListElement":[{"@type":"ListItem","position":1,"name":"Startseite","item":"https:\/\/los-family.de\/fachleute\/"},{"@type":"ListItem","position":2,"name":"Startseite"}]},{"@type":"WebSite","@id":"https:\/\/los-family.de\/fachleute\/#website","url":"https:\/\/los-family.de\/fachleute\/","name":"LOS-Family FACHLEUTE","description":"Das Netzwerk f\u00fcr &quot;Fr\u00fche Hilfen&quot; im LOS","potentialAction":[{"@type":"SearchAction","target":{"@type":"EntryPoint","urlTemplate":"https:\/\/los-family.de\/fachleute\/?s={search_term_string}"},"query-input":{"@type":"PropertyValueSpecification","valueRequired":true,"valueName":"search_term_string"}}],"inLanguage":"de"}]}},"_links":{"self":[{"href":"https:\/\/los-family.de\/fachleute\/wp-json\/wp\/v2\/pages\/40","targetHints":{"allow":["GET"]}}],"collection":[{"href":"https:\/\/los-family.de\/fachleute\/wp-json\/wp\/v2\/pages"}],"about":[{"href":"https:\/\/los-family.de\/fachleute\/wp-json\/wp\/v2\/types\/page"}],"author":[{"embeddable":true,"href":"https:\/\/los-family.de\/fachleute\/wp-json\/wp\/v2\/users\/7"}],"replies":[{"embeddable":true,"href":"https:\/\/los-family.de\/fachleute\/wp-json\/wp\/v2\/comments?post=40"}],"version-history":[{"count":76,"href":"https:\/\/los-family.de\/fachleute\/wp-json\/wp\/v2\/pages\/40\/revisions"}],"predecessor-version":[{"id":3414,"href":"https:\/\/los-family.de\/fachleute\/wp-json\/wp\/v2\/pages\/40\/revisions\/3414"}],"wp:attachment":[{"href":"https:\/\/los-family.de\/fachleute\/wp-json\/wp\/v2\/media?parent=40"}],"curies":[{"name":"wp","href":"https:\/\/api.w.org\/{rel}","templated":true}]}}